
{"id":926,"date":"2015-04-23T07:50:38","date_gmt":"2015-04-23T07:50:38","guid":{"rendered":"http:\/\/vdqhzkr.cluster031.hosting.ovh.net\/?page_id=926"},"modified":"2022-09-02T14:26:18","modified_gmt":"2022-09-02T14:26:18","slug":"unsere-tipps-fur-die-hortensienkultur","status":"publish","type":"page","link":"https:\/\/www.sicamus-productions.com\/de\/unsere-tipps-fur-die-hortensienkultur\/","title":{"rendered":"Unsere Tipps f\u00fcr die Hortensienkultur"},"content":{"rendered":"<p><img loading=\"lazy\" decoding=\"async\" class=\"alignleft  wp-image-664\" src=\"https:\/\/www.sicamus-productions.com\/wp-content\/uploads\/2015\/02\/conseil-hortensia-300x300.jpg\" alt=\"conseil-hortensia\" width=\"150\" height=\"150\" srcset=\"https:\/\/www.sicamus-productions.com\/wp-content\/uploads\/2015\/02\/conseil-hortensia-300x300.jpg 300w, https:\/\/www.sicamus-productions.com\/wp-content\/uploads\/2015\/02\/conseil-hortensia-150x150.jpg 150w, https:\/\/www.sicamus-productions.com\/wp-content\/uploads\/2015\/02\/conseil-hortensia-110x110.jpg 110w, https:\/\/www.sicamus-productions.com\/wp-content\/uploads\/2015\/02\/conseil-hortensia-250x250.jpg 250w, https:\/\/www.sicamus-productions.com\/wp-content\/uploads\/2015\/02\/conseil-hortensia.jpg 700w\" sizes=\"auto, (max-width: 150px) 100vw, 150px\" \/><strong>\u2192 ICH HABE EINE BL\u00dcHENDE HORTENSIE IN EINEM BLUMENGESCH\u00c4FT ODER GARTENCENTER GEKAUFT. WIE SOLL ICH SIE PFLEGEN?<\/strong><\/p>\n<p><em>Stellen Sie Ihre Hortensie in einen hellen Raum ohne direktes Sonnenlicht. Gie\u00dfen Sie alle zwei Tage, ohne dass das Wasser im Untersetzer stehen bleibt. (Ansonsten k\u00f6nnten die Wurzeln verfaulen.)<\/em><\/p>\n<hr>\n<p><strong><strong><img loading=\"lazy\" decoding=\"async\" class=\"alignleft wp-image-221\" src=\"https:\/\/www.sicamus-productions.com\/wp-content\/uploads\/2015\/02\/Hyd-arb-Invincibelle-3-A-300x300.jpg\" alt=\"Hyd-arb-Invincibelle-3-A\" width=\"150\" height=\"150\" srcset=\"https:\/\/www.sicamus-productions.com\/wp-content\/uploads\/2015\/02\/Hyd-arb-Invincibelle-3-A-300x300.jpg 300w, https:\/\/www.sicamus-productions.com\/wp-content\/uploads\/2015\/02\/Hyd-arb-Invincibelle-3-A-150x150.jpg 150w, https:\/\/www.sicamus-productions.com\/wp-content\/uploads\/2015\/02\/Hyd-arb-Invincibelle-3-A-110x110.jpg 110w, https:\/\/www.sicamus-productions.com\/wp-content\/uploads\/2015\/02\/Hyd-arb-Invincibelle-3-A-250x250.jpg 250w, https:\/\/www.sicamus-productions.com\/wp-content\/uploads\/2015\/02\/Hyd-arb-Invincibelle-3-A.jpg 700w\" sizes=\"auto, (max-width: 150px) 100vw, 150px\" \/>\u2192 <\/strong>MEINE HORTENSIE IM TOPF IST VERBL\u00dcHT, KANN ICH SIE IN MEINEN GARTEN PFLANZEN?<\/strong><\/p>\n<p><em>Nat\u00fcrlich k\u00f6nnen Sie Ihre Hortensie nach der Bl\u00fcte in den Garten pflanzen, am besten an einen halbschattigen Platz. Schneiden Sie Ihre Pflanze bis auf ca. 20 cm oberhalb des Topfs zur\u00fcck. Pflanzen Sie sie in einen guten Gartenboden, gemischt mit Rhododendronerde oder Torf.<\/em><\/p>\n<p><em>Tipp: Sollte Ihr Boden sehr kalkhaltig sein, graben Sie ein Pflanzloch von 70 x 70 x 70 cm. Legen Sie das Pflanzloch mit einer gelochten Plastikfolie aus (f\u00fcr einen guten Wasserabzug). F\u00fcllen Sie das Loch zur H\u00e4lfte mit Rhododendronerde und zur H\u00e4lfte mit gutem Gartenboden auf. <\/em><\/p>\n<hr>\n<p><strong><strong><img loading=\"lazy\" decoding=\"async\" class=\"alignleft wp-image-498\" src=\"https:\/\/www.sicamus-productions.com\/wp-content\/uploads\/2015\/02\/Bela-4A-300x300.jpg\" alt=\"Bela-4A\" width=\"150\" height=\"150\" srcset=\"https:\/\/www.sicamus-productions.com\/wp-content\/uploads\/2015\/02\/Bela-4A-300x300.jpg 300w, https:\/\/www.sicamus-productions.com\/wp-content\/uploads\/2015\/02\/Bela-4A-150x150.jpg 150w, https:\/\/www.sicamus-productions.com\/wp-content\/uploads\/2015\/02\/Bela-4A-110x110.jpg 110w, https:\/\/www.sicamus-productions.com\/wp-content\/uploads\/2015\/02\/Bela-4A-250x250.jpg 250w, https:\/\/www.sicamus-productions.com\/wp-content\/uploads\/2015\/02\/Bela-4A.jpg 700w\" sizes=\"auto, (max-width: 150px) 100vw, 150px\" \/>\u2192 <\/strong>ICH HABE EINE BLAUE HORTENSIE GEKAUFT, WAS MUSS ICH TUN, DAMIT SIE DIE FARBE IN MEINEM GARTEN BEH\u00c4LT?<\/strong><\/p>\n<p><em>Es gibt nur einige Regionen mit sauren B\u00f6den, in denen Hortensien ihren nat\u00fcrlichen Blauton beibehalten. Jedoch ist es m\u00f6glich, die blaue Farbe ihrer Hortensie zu behalten, indem Sie sie in ein Pflanzloch mit Plastikfolie (siehe oben) pflanzen und Alaunsalz oder Aluminiumsulfat unter die Pflanzerde mischen.  <\/em><\/p>\n<p><em>Tipp: Damit Ihre Hortensie auch sp\u00e4ter ihre blaue Farbe beh\u00e4lt, vergessen Sie nicht, 1 bis 2 Mal w\u00e4hrend der Wachstumsphase im Fr\u00fchjahr ca. 1 Essl\u00f6ffel Alaunsalz oder Aluminiumsulfat hinzuzuf\u00fcgen. Dieses finden Sie in einigen Gartencentern, Apotheken oder G\u00e4rtnereien.<\/em><\/p>\n<hr>\n<p><strong><strong><img loading=\"lazy\" decoding=\"async\" class=\"alignleft wp-image-202\" src=\"https:\/\/www.sicamus-productions.com\/wp-content\/uploads\/2015\/02\/paniculata-vanille-fraise-7-300x300.jpg\" alt=\"paniculata-vanille-fraise-7\" width=\"150\" height=\"150\" srcset=\"https:\/\/www.sicamus-productions.com\/wp-content\/uploads\/2015\/02\/paniculata-vanille-fraise-7-300x300.jpg 300w, https:\/\/www.sicamus-productions.com\/wp-content\/uploads\/2015\/02\/paniculata-vanille-fraise-7-150x150.jpg 150w, https:\/\/www.sicamus-productions.com\/wp-content\/uploads\/2015\/02\/paniculata-vanille-fraise-7-110x110.jpg 110w, https:\/\/www.sicamus-productions.com\/wp-content\/uploads\/2015\/02\/paniculata-vanille-fraise-7-250x250.jpg 250w, https:\/\/www.sicamus-productions.com\/wp-content\/uploads\/2015\/02\/paniculata-vanille-fraise-7.jpg 600w\" sizes=\"auto, (max-width: 150px) 100vw, 150px\" \/>\u2192 <\/strong>ICH HABE EINE RISPENHORTENSIE (Hydrangea paniculata) BZW. SCHNEEBALLHORTENISE (Hydrangea arborescens) GEKAUFT. WIE SCHNEIDE ICH SIE ZUR\u00dcCK?<\/strong><\/p>\n<p><em>Nur Hortensien der Art paniculata und arborescens sind Hortensien, deren Bl\u00fctenknospen nicht aus der Endknospe formiert werden. Daher sollten Sie Ihre Hortensien am Ende des Winters stark zur\u00fcckschneiden. Sobald es w\u00e4rmer wird, wird Ihre Pflanze wieder austreiben und im Juni und Juli \u00fcppig bl\u00fchen. <\/em><\/p>\n<hr>\n<p><strong><strong><img loading=\"lazy\" decoding=\"async\" class=\"alignleft  wp-image-524\" src=\"https:\/\/www.sicamus-productions.com\/wp-content\/uploads\/2015\/02\/jardinier.jpg\" alt=\"jardinier\" width=\"150\" height=\"150\" srcset=\"https:\/\/www.sicamus-productions.com\/wp-content\/uploads\/2015\/02\/jardinier.jpg 219w, https:\/\/www.sicamus-productions.com\/wp-content\/uploads\/2015\/02\/jardinier-150x150.jpg 150w, https:\/\/www.sicamus-productions.com\/wp-content\/uploads\/2015\/02\/jardinier-110x110.jpg 110w\" sizes=\"auto, (max-width: 150px) 100vw, 150px\" \/>\u2192 <\/strong>NICHT VERGESSEN<\/strong><\/p>\n<p><em>Gie\u00dfen Sie Ihre Pflanzen regelm\u00e4\u00dfig w\u00e4hrend des Sommers, am besten abends. Leitungs- oder Regenwasser sind gut geeignet.<br \/>\nHortensien sind die gesamte Vegetationsperiode \u00fcber dekorativ. Manche Sorten sind eine Augenweide mit ihrer erstaunlichen Herbstf\u00e4rbung.<br \/>\nWinterschutz: Lassen Sie die verbl\u00fchten Bl\u00fcten zum Schutz der Pflanzen im Winter stehen. Die Hortensien werden, je nach Region, Ende Februar oder Mitte M\u00e4rz zur\u00fcckgeschnitten. Es bleiben nur zwei Mal zwei gr\u00fcne Blattaustriebe stehen. Schneiden Sie auch totes Holz und d\u00fcnne \u00c4ste heraus. <\/em><\/p>\n<p><strong><strong>\u2192 <\/strong>ZUM SCHLUSS<\/strong><\/p>\n<p>Wir bedanken uns f\u00fcr Ihren Besuch auf unserer Internetseite, und hoffen Sie kaufen demn\u00e4chst eine  <span style=\"color: #d60059;\"><strong><span style=\"text-decoration: underline;\">SICAMUS Hortensie<\/span><\/strong><\/span> die Sie an ihrem kleinen Farbetikett und dem rosa Logo erkennen. <strong>Wir w\u00fcnschen Ihnen gutes Gelingen bei der Gartenarbeit und bis bald. <\/strong><\/p>\n","protected":false},"excerpt":{"rendered":"<p>\u2192 ICH HABE EINE BL\u00dcHENDE HORTENSIE IN EINEM BLUMENGESCH\u00c4FT ODER GARTENCENTER GEKAUFT. WIE SOLL ICH SIE PFLEGEN? Stellen&#8230; <a class=\"readmore_exerpt\" href=\"https:\/\/www.sicamus-productions.com\/de\/actualites\/\">lesen Sie mehr<\/a><\/p>\n","protected":false},"author":3,"featured_media":0,"parent":0,"menu_order":0,"comment_status":"closed","ping_status":"closed","template":"","meta":{"footnotes":""},"class_list":["post-926","page","type-page","status-publish","hentry"],"_links":{"self":[{"href":"https:\/\/www.sicamus-productions.com\/de\/wp-json\/wp\/v2\/pages\/926","targetHints":{"allow":["GET"]}}],"collection":[{"href":"https:\/\/www.sicamus-productions.com\/de\/wp-json\/wp\/v2\/pages"}],"about":[{"href":"https:\/\/www.sicamus-productions.com\/de\/wp-json\/wp\/v2\/types\/page"}],"author":[{"embeddable":true,"href":"https:\/\/www.sicamus-productions.com\/de\/wp-json\/wp\/v2\/users\/3"}],"replies":[{"embeddable":true,"href":"https:\/\/www.sicamus-productions.com\/de\/wp-json\/wp\/v2\/comments?post=926"}],"version-history":[{"count":2,"href":"https:\/\/www.sicamus-productions.com\/de\/wp-json\/wp\/v2\/pages\/926\/revisions"}],"predecessor-version":[{"id":22515,"href":"https:\/\/www.sicamus-productions.com\/de\/wp-json\/wp\/v2\/pages\/926\/revisions\/22515"}],"wp:attachment":[{"href":"https:\/\/www.sicamus-productions.com\/de\/wp-json\/wp\/v2\/media?parent=926"}],"curies":[{"name":"wp","href":"https:\/\/api.w.org\/{rel}","templated":true}]}}