
{"id":1047,"date":"2015-02-05T14:02:14","date_gmt":"2015-02-05T14:02:14","guid":{"rendered":"http:\/\/vdqhzkr.cluster031.hosting.ovh.net\/?page_id=1047"},"modified":"2026-04-14T09:57:49","modified_gmt":"2026-04-14T09:57:49","slug":"mentions-legales","status":"publish","type":"page","link":"https:\/\/www.sicamus-productions.com\/de\/mentions-legales\/","title":{"rendered":"Rechtliche Hinweise \u2013 Datenschutzerkl\u00e4rung"},"content":{"rendered":"\n<h2 class=\"wp-block-heading\">1. Vorstellung der Seite<\/h2>\n\n\n\n<p>Gem\u00e4\u00df den Bestimmungen der Artikel 6-III und 19 des Gesetzes Nr. 2004-575 vom 21. Juni 2004 \u00fcber das Vertrauen in die digitale Wirtschaft, auch L.C.E.N. genannt, bringen wir den Nutzern und Besuchern der Website www.sicamus-productions.com : <\/p>\n\n\n\n<p><strong>Besitzer der Seite<\/strong> <\/p>\n\n\n\n<p><strong>SICAMUS <\/strong><br>40 Bd Robert d\u2019Abrissel \u2013 BP 40954<br>49009 ANGERS<br>T\u00e9l.+33 (0) 2 41 66 36 31<br>Fax.+33 (0) 2 41 47 43 50<\/p>\n\n\n\n<p><strong>Webhosting<\/strong><\/p>\n\n\n\n<p>Niwanet, eine Marke der Firma Kookline, einer Gesellschaft mit beschr\u00e4nkter Haftung mit einem Kapital von 25.000 Euro, mit Sitz in 16 rue de la Planchonnais, 44980 SAINTE-LUCE-SUR-LOIRE und eingetragen im Handelsregister von NANTES unter der Nummer 488 913 443.<br>Kontakt \u00fcber das Online-Formular: <a href=\"https:\/\/www.niwanet.net\/contact\/\" target=\"_blank\" rel=\"noreferrer noopener\">https:\/\/www.niwanet.net\/contact\/<\/a><\/p>\n\n\n\n<h2 class=\"wp-block-heading\">2.  Beschreibung der erbrachten Leistungen<\/h2>\n\n\n\n<p>Die Website www.sicamus-productions.com hat zum Ziel, Informationen \u00fcber alle Aktivit\u00e4ten der Einrichtung bereitzustellen. Der Inhaber der Website bem\u00fcht sich, auf der Website www.sicamus-productions.com m\u00f6glichst genaue Informationen zur Verf\u00fcgung zu stellen. Er kann jedoch nicht f\u00fcr Auslassungen, Ungenauigkeiten und M\u00e4ngel bei der Aktualisierung haftbar gemacht werden, unabh\u00e4ngig davon, ob diese durch ihn selbst oder durch dritte Partner, die ihm diese Informationen zur Verf\u00fcgung stellen, verursacht wurden. Alle auf der Website www.sicamus-productions.com angebotenen Informationen sind unverbindlich, nicht ersch\u00f6pfend und k\u00f6nnen sich \u00e4ndern. Sie sind vorbehaltlich der \u00c4nderungen, die seit ihrer Online-Ver\u00f6ffentlichung vorgenommen wurden.<\/p>\n\n\n\n<h2 class=\"wp-block-heading\">3. Geistiges Eigentum und F\u00e4lschungen<\/h2>\n\n\n\n<p>Der Eigent\u00fcmer der Website ist Eigent\u00fcmer der geistigen Eigentumsrechte oder besitzt die Nutzungsrechte an allen auf der Website zug\u00e4nglichen Elementen, insbesondere an Texten, Bildern, Grafiken, Logos, Icons, Sounds, Software\u2026 Jede Vervielf\u00e4ltigung, Darstellung, \u00c4nderung, Ver\u00f6ffentlichung, vollst\u00e4ndige oder teilweise Anpassung der Elemente der Website, unabh\u00e4ngig von den verwendeten Mitteln oder Verfahren, ist untersagt, es sei denn, es liegt eine vorherige schriftliche Genehmigung \u00fcber unser Kontaktformular vor. Jede nicht genehmigte Nutzung der Website oder eines ihrer Elemente wird als F\u00e4lschung angesehen und gem\u00e4\u00df den Bestimmungen der Artikel L.335-2 ff. des franz\u00f6sischen Gesetzbuchs \u00fcber geistiges Eigentum (Code de Propri\u00e9t\u00e9 Intellectuelle) verfolgt.<\/p>\n\n\n\n<h2 class=\"wp-block-heading\">4. Hyperlinks und Cookies<\/h2>\n\n\n\n<p><strong>Hyperlinks<\/strong><\/p>\n\n\n\n<p>Die Website www.sicamus-productions.com enth\u00e4lt eine Reihe von Hyperlinks zu anderen Websites (Partner, Informationen, Videolinks \u2026), die mit der Genehmigung des Eigent\u00fcmers der Website eingerichtet wurden. Der Inhaber der Website hat jedoch nicht die M\u00f6glichkeit, den Inhalt der so besuchten Websites zu \u00fcberpr\u00fcfen und lehnt daher jede Verantwortung f\u00fcr m\u00f6gliche Risiken rechtswidriger Inhalte ab.<\/p>\n\n\n\n<p><strong>Cookies, die f\u00fcr die Navigation unerl\u00e4sslich sind<\/strong><\/p>\n\n\n\n<p>Der Nutzer wird dar\u00fcber informiert, dass bei seinen Besuchen auf der Website www.sicamus-productions.com ein oder mehrere Cookies automatisch auf seinem Computer installiert werden k\u00f6nnen. Ein Cookie ist eine kleine Datei, die keine Identifizierung des Nutzers erm\u00f6glicht, aber Informationen \u00fcber die Navigation eines Computers auf einer Website speichert. Einige Cookies sind f\u00fcr die grundlegenden Funktionen der Website unerl\u00e4sslich, andere erfordern Ihre Zustimmung, wie z. B. Cookies, die dazu dienen, verschiedene Messungen der Besucherzahlen zu erm\u00f6glichen.<\/p>\n\n\n\n<p><strong>Cookies zur Messung des Publikums<\/strong><\/p>\n\n\n\n<p>Wenn Sie im Cookie-Management-Interface Ihre Zustimmung gegeben haben, messen wir die Anzahl der Besuche, die Anzahl der Seitenaufrufe sowie die Aktivit\u00e4t der Besucher auf der Website und die H\u00e4ufigkeit ihrer R\u00fcckkehr. Auf diese Weise passen wir die Website an die Anforderungen ihrer Besucher an. Der verwendete Dienst Google Analytics verwendet die Cookie-Technologie. Sie k\u00f6nnen die Allgemeinen Gesch\u00e4ftsbedingungen von Google Analytics einsehen. Das Statistik-Tool erzeugt die folgenden Cookies:<em><br><\/em><\/p>\n\n\n\n<p>__utma Wird verwendet, um zwischen Nutzern und Sitzungen zu unterscheiden. Das Cookie wird jedes Mal aktualisiert, wenn Daten an Google Analytics gesendet werden.<br>__utmb Wird verwendet, um neue Besuche\/Sitzungen auf der Website zu identifizieren. Das Cookie wird jedes Mal aktualisiert, wenn die Daten an Google Analytics gesendet werden.<br>__utmt Wird verwendet, um die Anfragerate zu verringern.<br>__utmc Wird zusammen mit dem Cookie verwendet.<br>__utmb, um zu erkennen, ob der Nutzer die Website bereits zuvor besucht hat.<br>__utmz Speichert die Quelle des Datenverkehrs, den Ursprung des Besuchs. Das Cookie wird jedes Mal aktualisiert, wenn die Daten an Google Analytics gesendet werden.<br>_ga Wird verwendet, um zwischen Besuchern der Website zu unterscheiden.<\/p>\n\n\n\n<p><strong>Youtube<\/strong><br>Youtube-Videos werden von www.youtube-nocookie.com geladen, um Ihre Privatsph\u00e4re zu sch\u00fctzen.<\/p>\n\n\n\n<p id=\"ancre_rgpd\"><strong>Cookies zur Zustimmung von Cookies<\/strong><\/p>\n\n\n\n<p>Das Modul Tarteaucitron erm\u00f6glicht es Ihnen, die Verwaltung von Cookies anzupassen. Dieses Modul erzeugt selbst das folgende Cookie:<\/p>\n\n\n\n<p>tarteaucitron: Beh\u00e4lt die Einstellungen bez\u00fcglich der Zustimmung\/Verweigerung der Ablage von Cookies bei.<\/p>\n\n\n\n<p><br><strong>Verwaltung von Cookies<\/strong><br>Es ist m\u00f6glich, die Erfassung von Informationen durch die Cookie-Technologie zu deaktivieren, indem Sie hier klicken <span class=\"tarteaucitronOpenPanel gestioncookie underline\">Verwaltung von Cookies<\/span><br>eund die folgenden Seiten aufrufen, beachten Sie jedoch, dass einige Funktionen dieser Website dann m\u00f6glicherweise nicht mehr richtig funktionieren.<br>Mozilla Firefox : <a href=\"https:\/\/support.mozilla.org\/fr\/kb\/cookies-informations-sites-enregistrent\" target=\"_blank\" rel=\"noreferrer noopener\">https:\/\/support.mozilla.org\/fr\/kb\/cookies-informations-sites-enregistrent<\/a><br>Google Chrome : <a href=\"https:\/\/support.google.com\/chrome\/answer\/95647?hl=fr\" target=\"_blank\" rel=\"noreferrer noopener\">https:\/\/support.google.com\/chrome\/answer\/95647?hl=<\/a>de<br>Opera : <a href=\"https:\/\/help.opera.com\/en\/latest\/web-preferences\/#cookies\" target=\"_blank\" rel=\"noreferrer noopener\">https:\/\/help.opera.com\/de\/latest\/web-preferences\/#cookies<\/a><br>Microsoft Edge : <a href=\"https:\/\/privacy.microsoft.com\/fr-fr\/windows-10-microsoft-edge-and-privacy\" target=\"_blank\" rel=\"noreferrer noopener\">https:\/\/privacy.microsoft.com\/fr-fr\/windows-10-microsoft-edge-and-privacy<\/a><\/p>\n\n\n\n<h2 class=\"wp-block-heading\">5. Schutz von Eigentum und Personen &#8211; Umgang mit pers\u00f6nlichen Daten<\/h2>\n\n\n\n<p><strong>Recaptcha<\/strong><\/p>\n\n\n\n<p>Wir verwenden ein Google ReCaptcha, um Spam zu vermeiden, hier ist die Datenschutzrichtlinie. Dieser Dienst legt Cookies ab, die f\u00fcr das reibungslose Funktionieren der Website unerl\u00e4sslich sind. Sie k\u00f6nnen Ihren Browser so einstellen, dass diese Cookies gel\u00f6scht werden, wenn Sie unsere Website verlassen. (siehe Links zur Verwaltung von Cookies Absatz 4)<\/p>\n\n\n\n<p><strong>Kontaktformulare<\/strong><\/p>\n\n\n\n<p>Die \u00fcber unser Kontaktformular gesammelten Informationen (Name, Vorname, E-Mail, Stadt, Land) werden von Sicamus in einer EDV-Datei gespeichert, um den Austausch mit den Interessenten und Kunden der Einrichtung zu erleichtern. Sie sind f\u00fcr alle Manager\/Mitarbeiter der Einrichtung bestimmt, die mit den betreffenden Personen telefonisch oder per E-Mail kommunizieren k\u00f6nnen, insbesondere um ihre Anfrage zu beantworten.<\/p>\n\n\n\n<p>Die gesammelten Daten werden f\u00fcr einen Zeitraum von maximal 36 Monaten aufbewahrt, falls kein Vertrag mit unserem Unternehmen abgeschlossen wird. Gem\u00e4\u00df den Bestimmungen der Artikel 38 ff. des Gesetzes 78-17 vom 6. Januar 1978 \u00fcber Informatik, Dateien und Freiheiten hat jeder Nutzer ein Recht auf Zugang, Berichtigung, L\u00f6schung und Widerspruch bez\u00fcglich der ihn betreffenden personenbezogenen Daten.<br>Um dieses Recht auszu\u00fcben, richten Sie Ihre Anfrage per Post an :<\/p>\n\n\n\n<p><strong><br><strong>SICAMUS <\/strong><br>40 Bd Robert d\u2019Abrissel \u2013 BP 40954<br>49009 ANGERS<br>T\u00e9l.+33 (0) 2 41 66 36 31<br>Fax.+33 (0) 2 41 47 43 50<\/strong><\/p>\n\n\n\n<p>Der Antrag muss schriftlich und unterschrieben sein, zusammen mit einer Kopie des Personalausweises mit Unterschrift des Inhabers des Ausweises, und die Adresse angeben, an die die Antwort gesendet werden soll. Keine pers\u00f6nlichen Informationen des Nutzers der Website www.sicamus-productions.com.fr. werden ohne das Wissen des Nutzers ver\u00f6ffentlicht, ausgetauscht, \u00fcbertragen, abgetreten oder auf irgendeinem Datentr\u00e4ger an Dritte verkauft. Nur wenn die Website www.sicamus-productions.com \u00fcbernommen wird, k\u00f6nnen diese Informationen an einen eventuellen Erwerber weitergegeben werden, der seinerseits gegen\u00fcber dem Nutzer der Website www.sicamus-productions.com die gleiche Verpflichtung zur Aufbewahrung und \u00c4nderung der Daten hat.<\/p>\n\n\n\n<p>Die Datenbanken sind durch die Bestimmungen des Gesetzes vom 1. Juli 1998 zur Umsetzung der Richtlinie 96\/9 vom 11. M\u00e4rz 1996 \u00fcber den rechtlichen Schutz von Datenbanken gesch\u00fctzt.<\/p>\n","protected":false},"excerpt":{"rendered":"<p>1. Vorstellung der Seite Gem\u00e4\u00df den Bestimmungen der Artikel 6-III und 19 des Gesetzes Nr. 2004-575 vom 21&#8230;. <a class=\"readmore_exerpt\" href=\"https:\/\/www.sicamus-productions.com\/de\/actualites\/\">lesen Sie mehr<\/a><\/p>\n","protected":false},"author":1,"featured_media":0,"parent":0,"menu_order":0,"comment_status":"closed","ping_status":"closed","template":"","meta":{"footnotes":""},"class_list":["post-1047","page","type-page","status-publish","hentry"],"_links":{"self":[{"href":"https:\/\/www.sicamus-productions.com\/de\/wp-json\/wp\/v2\/pages\/1047","targetHints":{"allow":["GET"]}}],"collection":[{"href":"https:\/\/www.sicamus-productions.com\/de\/wp-json\/wp\/v2\/pages"}],"about":[{"href":"https:\/\/www.sicamus-productions.com\/de\/wp-json\/wp\/v2\/types\/page"}],"author":[{"embeddable":true,"href":"https:\/\/www.sicamus-productions.com\/de\/wp-json\/wp\/v2\/users\/1"}],"replies":[{"embeddable":true,"href":"https:\/\/www.sicamus-productions.com\/de\/wp-json\/wp\/v2\/comments?post=1047"}],"version-history":[{"count":8,"href":"https:\/\/www.sicamus-productions.com\/de\/wp-json\/wp\/v2\/pages\/1047\/revisions"}],"predecessor-version":[{"id":598470,"href":"https:\/\/www.sicamus-productions.com\/de\/wp-json\/wp\/v2\/pages\/1047\/revisions\/598470"}],"wp:attachment":[{"href":"https:\/\/www.sicamus-productions.com\/de\/wp-json\/wp\/v2\/media?parent=1047"}],"curies":[{"name":"wp","href":"https:\/\/api.w.org\/{rel}","templated":true}]}}