
{"id":1009,"date":"2015-04-23T10:32:40","date_gmt":"2015-04-23T10:32:40","guid":{"rendered":"http:\/\/vdqhzkr.cluster031.hosting.ovh.net\/?page_id=1009"},"modified":"2024-05-14T10:07:18","modified_gmt":"2024-05-14T10:07:18","slug":"1009-2","status":"publish","type":"page","link":"https:\/\/www.sicamus-productions.com\/de\/1009-2\/","title":{"rendered":"Bestellformular"},"content":{"rendered":"\n<div class=\"wp-block-columns is-layout-flex wp-container-core-columns-is-layout-9d6595d7 wp-block-columns-is-layout-flex\">\n<div class=\"wp-block-column is-layout-flow wp-block-column-is-layout-flow\"><div class=\"wp-block-image wp-image-1153 size-full\">\n<figure class=\"alignleft\"><img decoding=\"async\" src=\"https:\/\/www.sicamus-productions.com\/wp-content\/uploads\/2019\/04\/bdc-2019.png\" alt=\"\" class=\"wp-image-1153\"\/><\/figure><\/div><\/div>\n\n\n\n<div class=\"wp-block-column is-layout-flow wp-block-column-is-layout-flow\">\n<h2 class=\"wp-block-heading has-text-align-center\">Laden Sie unsere Bestellformulare herunter<\/h2>\n\n\n\n<p class=\"has-text-align-center\"><a href=\"https:\/\/www.sicamus-productions.com\/wp-content\/uploads\/2024\/05\/BON-DE-COMMANDE-2024.pdf\" target=\"_blank\" rel=\"noreferrer noopener\">Bestellschein 2024 (Bl\u00fctezeit 2025)<\/a><\/p>\n<\/div>\n<\/div>\n\n\n\n<div style=\"height:27px\" aria-hidden=\"true\" class=\"wp-block-spacer\"><\/div>\n\n\n\n<h3 class=\"wp-block-heading\">SAISON 2023<\/h3>\n\n\n\n<p>Auf dem zweiseitigen Bestellformular finden Sie die verf\u00fcgbaren Topfgr\u00f6\u00dfen.<\/p>\n\n\n\n<h3 class=\"wp-block-heading\">SORTIMENT :<\/h3>\n\n\n\n<p>Wir f\u00fchren mehr als 50 Hydrangea macrophylla Sorten und 6 weitere Hydrangea-Arten in unserem Sortiment.<br>Verwenden Sie nur die wei\u00dfen K\u00e4sten. Hier finden Sie die richtige Topfgr\u00f6\u00dfe f\u00fcr die jeweiligen Sorten.<\/p>\n\n\n\n<h3 class=\"wp-block-heading\">GERINGE BESTELLMENGEN :<\/h3>\n\n\n\n<p>Bei SICAMUS gilt eine Mindestbestellmenge von 2 CC-Containern!<\/p>\n\n\n\n<p><span style=\"text-decoration: underline;\">Weitere Leistungen:<\/span> :<br>&#8211; Die Lieferung eines einzelnen CC-Containers ist gegen einen Aufpreis von 80\u20ac m\u00f6glich.<\/p>\n\n\n\n<p>-Bestellung von 2 CC-Containern auch m\u00f6glich mit 40 \u20ac<\/p>\n\n\n\n<p>&#8211; Sie k\u00f6nnen Ihre Bestellung <span style=\"text-decoration: underline;\"><strong>je Lage sortiert<\/strong><\/span> nach Gr\u00f6\u00dfen und Sorten zusammenstellen. Die Verkaufseinheiten entnehmen Sie bitte dem Bestellschein oder schauen <a href=\"https:\/\/www.sicamus-productions.com\/de\/conditionnement\/\">conditionnements<\/a>.<\/p>\n\n\n\n<h3 class=\"wp-block-heading\">ETIKETTEN :<\/h3>\n\n\n<div class=\"wp-block-image\">\n<figure class=\"alignleft\"><img loading=\"lazy\" decoding=\"async\" width=\"150\" height=\"150\" src=\"https:\/\/www.sicamus-productions.com\/wp-content\/uploads\/2020\/04\/chromos_burned-4-e1586859259418-150x150.jpg\" alt=\"\" class=\"wp-image-1534\" srcset=\"https:\/\/www.sicamus-productions.com\/wp-content\/uploads\/2020\/04\/chromos_burned-4-e1586859259418-150x150.jpg 150w, https:\/\/www.sicamus-productions.com\/wp-content\/uploads\/2020\/04\/chromos_burned-4-e1586859259418-110x110.jpg 110w, https:\/\/www.sicamus-productions.com\/wp-content\/uploads\/2020\/04\/chromos_burned-4-e1586859259418-250x250.jpg 250w, https:\/\/www.sicamus-productions.com\/wp-content\/uploads\/2020\/04\/chromos_burned-4-e1586859259418-700x700.jpg 700w\" sizes=\"auto, (max-width: 150px) 100vw, 150px\" \/><\/figure><\/div>\n\n\n<p><br><br><br>Wir bieten auch Sortenetiketten (ohne Artname) an<br>Vergessen Sie nicht das Feld &#8218;Etiketten&#8216; anzukreuzen. Die Etiketten werden in einem Karton auf dem CC-Container mitgeliefert.<\/p>\n\n\n\n<h3 class=\"wp-block-heading\">&nbsp;<\/h3>\n\n\n\n<h3 class=\"wp-block-heading\">BLAUF\u00c4RBEN :<\/h3>\n\n\n\n<p>Aluminiumsulfat zum Blauf\u00e4rben der Hortensien auf Bestellung.<br>Bitte geben Sie die gew\u00fcnschte Menge in Kilogramm an.<\/p>\n\n\n\n<h3 class=\"wp-block-heading\">SOLIT\u00c4RPFLANZEN :<\/h3>\n\n\n\n<p>Sind Sie auf der Suche nach sch\u00f6nen Solit\u00e4rpflanzen? Sie finden sie auf Seite 2 des Bestellscheins von Sicamus.<\/p>\n\n\n\n<h3 class=\"wp-block-heading\">HORTENSIENARTEN F\u00dcR DEN GARTEN :<\/h3>\n\n\n\n<p>Eine Auswahl der besten Arten und Sorten. Geeignet f\u00fcr den Verkauf an Privatkunden, f\u00fcr die Weiterkultur oder die K\u00fchlkultur. Sprechen Sie uns an!<\/p>\n\n\n\n<h3 class=\"wp-block-heading\">PREISE :<\/h3>\n\n\n\n<p>Gerne unterbreiten wir Ihnen ein individuelles Angebot je nach Liefermenge und Lieferort.<\/p>\n\n\n\n<h3 class=\"wp-block-heading\">KULTUR- UND SORTENTIPPS :<\/h3>\n\n\n\n<p>Bei Fragen bez\u00fcglich der Sortenwahl f\u00fcr Ihre Region sind wir Ihre Ansprechpartner. Wir beraten Sie gerne!<br>Wir geben Ihnen Tipps f\u00fcr Treiberei, K\u00fchlkultur oder auch weitere Informationen \u00fcber verschiedene Sortimente.<\/p>\n","protected":false},"excerpt":{"rendered":"<p>Laden Sie unsere Bestellformulare herunter Bestellschein 2024 (Bl\u00fctezeit 2025) SAISON 2023 Auf dem zweiseitigen Bestellformular finden Sie die&#8230; <a class=\"readmore_exerpt\" href=\"https:\/\/www.sicamus-productions.com\/de\/actualites\/\">lesen Sie mehr<\/a><\/p>\n","protected":false},"author":3,"featured_media":0,"parent":0,"menu_order":0,"comment_status":"closed","ping_status":"closed","template":"","meta":{"footnotes":""},"class_list":["post-1009","page","type-page","status-publish","hentry"],"_links":{"self":[{"href":"https:\/\/www.sicamus-productions.com\/de\/wp-json\/wp\/v2\/pages\/1009","targetHints":{"allow":["GET"]}}],"collection":[{"href":"https:\/\/www.sicamus-productions.com\/de\/wp-json\/wp\/v2\/pages"}],"about":[{"href":"https:\/\/www.sicamus-productions.com\/de\/wp-json\/wp\/v2\/types\/page"}],"author":[{"embeddable":true,"href":"https:\/\/www.sicamus-productions.com\/de\/wp-json\/wp\/v2\/users\/3"}],"replies":[{"embeddable":true,"href":"https:\/\/www.sicamus-productions.com\/de\/wp-json\/wp\/v2\/comments?post=1009"}],"version-history":[{"count":29,"href":"https:\/\/www.sicamus-productions.com\/de\/wp-json\/wp\/v2\/pages\/1009\/revisions"}],"predecessor-version":[{"id":141203,"href":"https:\/\/www.sicamus-productions.com\/de\/wp-json\/wp\/v2\/pages\/1009\/revisions\/141203"}],"wp:attachment":[{"href":"https:\/\/www.sicamus-productions.com\/de\/wp-json\/wp\/v2\/media?parent=1009"}],"curies":[{"name":"wp","href":"https:\/\/api.w.org\/{rel}","templated":true}]}}